{"id":17,"date":"2017-01-19T13:59:10","date_gmt":"2017-01-19T13:59:10","guid":{"rendered":"http:\/\/sw-themes.com\/porto_dummy\/?page_id=17"},"modified":"2019-09-11T21:40:07","modified_gmt":"2019-09-11T19:40:07","slug":"expertise","status":"publish","type":"page","link":"https:\/\/www.cns-pl.eu\/?page_id=17","title":{"rendered":"Sp\u00f3\u0142ka"},"content":{"rendered":"<div class=\"wpb-content-wrapper\"><p>[vc_row el_class=&#8221;custom-info-box custom-box-shadow&#8221; css=&#8221;.vc_custom_1485611028163{margin-top: 10px !important;padding-right: 5px !important;padding-left: 10px !important;}&#8221;][vc_column][vc_column_text]<b>ISKRA Centrum Narz\u0119dzi Specjalnych Sp\u00f3\u0142ka z ograniczon\u0105 odpowiedzialno\u015bci\u0105<\/b><\/p>\n<p><b>SIEDZIBA SP\u00d3\u0141KI<\/b><\/p>\n<p>25-734 KIELCE, UL. JAGIELLO\u0143SKA 109<\/p>\n<p class=\"bold\"><b>KRS 47648<\/b><\/p>\n<p>Wpis do Krajowego Rejestru S\u0105dowego w dniu\u00a026 wrze\u015bnia 2001\u00a0roku<\/p>\n<p><b>KAPITA\u0141 ZAK\u0141ADOWY 2.883.000 PLN<\/b><\/p>\n<p><b>W\u0141A\u015aCICIEL<\/b><br \/>\nNSK Europe Ltd. \/Wielka Brytania\/<\/p>\n<p><b>REGON 292068098<\/b><\/p>\n<p><b>NIP 959-14-57-597<\/b><\/p>\n<p><b>KONTO 22 1030 1162 0000 0000 0868 7202<\/b><\/p>\n<p><b>ZARZ\u0104D SP\u00d3\u0141KI<\/b><br \/>\nPrezes Zarz\u0105du \/ Dyrektor<br \/>\n+41 367 04 00\u00a0 <a class=\"mail\" href=\"mailto:iskra@cns-pl.eu\">iskra@cns-pl.eu<\/a><br \/>\nProkurent, Z-ca Dyrektora ds. Finansowych<br \/>\n+41 367 04 50\u00a0 <a class=\"mail\" href=\"mailto:iskra@cns-pl.eu\">iskra@cns-pl.eu<\/a><\/p>\n<p><b>TELEFON<\/b><br \/>\nBiuro Sp\u00f3\u0142ki +41 367 04 01<\/p>\n<p><b>FAX<\/b> +41 367 04 09<\/p>\n<p><b>E-MAIL\u00a0<\/b><a class=\"mail\" href=\"mailto:iskra@cns-pl.eu\">iskra@cns-pl.eu<\/a>[\/vc_column_text][\/vc_column][\/vc_row]<\/p>\n<\/div>","protected":false},"excerpt":{"rendered":"<p>[vc_row el_class=&#8221;custom-info-box custom-box-shadow&#8221; css=&#8221;.vc_custom_1485611028163{margin-top: 10px !important;padding-right: 5px !important;padding-left: 10px !important;}&#8221;][vc_column][vc_column_text]ISKRA Centrum Narz\u0119dzi Specjalnych Sp\u00f3\u0142ka z ograniczon\u0105 odpowiedzialno\u015bci\u0105 SIEDZIBA SP\u00d3\u0141KI 25-734 KIELCE, UL. JAGIELLO\u0143SKA 109 KRS 47648 Wpis do Krajowego Rejestru S\u0105dowego w dniu\u00a026 wrze\u015bnia 2001\u00a0roku KAPITA\u0141 ZAK\u0141ADOWY 2.883.000 PLN W\u0141A\u015aCICIEL NSK Europe Ltd. \/Wielka Brytania\/ REGON 292068098 NIP 959-14-57-597 KONTO 22 1030 1162 0000 0000 [&hellip;]<\/p>\n","protected":false},"author":1,"featured_media":0,"parent":0,"menu_order":0,"comment_status":"closed","ping_status":"closed","template":"","meta":{"footnotes":""},"class_list":["post-17","page","type-page","status-publish","hentry"],"_links":{"self":[{"href":"https:\/\/www.cns-pl.eu\/index.php?rest_route=\/wp\/v2\/pages\/17","targetHints":{"allow":["GET"]}}],"collection":[{"href":"https:\/\/www.cns-pl.eu\/index.php?rest_route=\/wp\/v2\/pages"}],"about":[{"href":"https:\/\/www.cns-pl.eu\/index.php?rest_route=\/wp\/v2\/types\/page"}],"author":[{"embeddable":true,"href":"https:\/\/www.cns-pl.eu\/index.php?rest_route=\/wp\/v2\/users\/1"}],"replies":[{"embeddable":true,"href":"https:\/\/www.cns-pl.eu\/index.php?rest_route=%2Fwp%2Fv2%2Fcomments&post=17"}],"version-history":[{"count":2,"href":"https:\/\/www.cns-pl.eu\/index.php?rest_route=\/wp\/v2\/pages\/17\/revisions"}],"predecessor-version":[{"id":612,"href":"https:\/\/www.cns-pl.eu\/index.php?rest_route=\/wp\/v2\/pages\/17\/revisions\/612"}],"wp:attachment":[{"href":"https:\/\/www.cns-pl.eu\/index.php?rest_route=%2Fwp%2Fv2%2Fmedia&parent=17"}],"curies":[{"name":"wp","href":"https:\/\/api.w.org\/{rel}","templated":true}]}}