{"id":295,"date":"2017-01-18T20:00:46","date_gmt":"2017-01-18T20:00:46","guid":{"rendered":"http:\/\/sw-themes.com\/porto_dummy\/?page_id=8"},"modified":"2026-03-17T07:21:24","modified_gmt":"2026-03-17T06:21:24","slug":"home","status":"publish","type":"page","link":"https:\/\/www.cns-pl.eu\/","title":{"rendered":"Strona g\u0142\u00f3wna"},"content":{"rendered":"<div class=\"wpb-content-wrapper\"><p>[vc_row wrap_container=&#8221;yes&#8221; css=&#8221;.vc_custom_1528969702599{margin-top: 15px !important;margin-bottom: 40px !important;padding-top: 60px !important;}&#8221;][vc_column][vc_empty_space][vc_custom_heading text=&#8221;O nas&#8221; font_container=&#8221;tag:h2|text_align:left|line_height:42px&#8221; use_theme_fonts=&#8221;yes&#8221; css=&#8221;.vc_custom_1625125622657{margin-bottom: 15px !important;}&#8221; el_class=&#8221;font-weight-bold&#8221;][vc_column_text css=&#8221;.vc_custom_1773728479866{margin-bottom: 20px !important;padding-left: 20px !important;}&#8221;]Jeste\u015bmy wieloletnim producentem narz\u0119dzi i oprzyrz\u0105dowania dla przemys\u0142u.<\/p>\n<p>Dysponujemy nowoczesnym parkiem maszynowym daj\u0105cym szerokie mo\u017cliwo\u015bci produkcyjne.<br \/>\nPosiadamy obrabiarki CNC oraz obrabiarki konwencjonalne.<\/p>\n<p>Wymagan\u0105 jako\u015b\u0107 wyrob\u00f3w zapewnia wysokokwalifikowany i do\u015bwiadczony personel.<\/p>\n<p>Wsp\u00f3\u0142pracujemy z Klientami stosuj\u0105cymi narz\u0119dzia i oprzyrz\u0105dowanie wykonywane na zam\u00f3wienie.<\/p>\n<p>Gwarantem bezpiecze\u0144stwa dla naszych Klient\u00f3w jest stale doskonalony System Zarz\u0105dzania Jako\u015bci\u0105 zgodny z norm\u0105 ISO 9001:2015, potwierdzony certyfikatem wydanym przez\u00a0<a class=\"link\" href=\"https:\/\/www.cns-pl.eu\/wp-content\/uploads\/2025\/11\/ISKRA.pdf\">Bureau Veritas<\/a>.<\/p>\n<p>Stale podnosimy poziom naszej przyjazno\u015bci dla \u015brodowiska realizuj\u0105c przyj\u0119t\u0105\u00a0<a class=\"link\" href=\"https:\/\/www.cns-pl.eu\/wp-content\/uploads\/2025\/02\/Polityka-Srodowiskowa.pdf\">polityk\u0119 \u015brodowiskow\u0105<\/a>\u00a0i rozwijaj\u0105c System Zarz\u0105dzania \u015arodowiskowego zgodny z norm\u0105 ISO 14001:2015 potwierdzony certyfikatem wydanym przez\u00a0<a class=\"link\" href=\"https:\/\/www.cns-pl.eu\/wp-content\/uploads\/2026\/03\/Certyfikat-ISO-14001-PL.pdf\">Bureau Veritas<\/a>.<\/p>\n<p>Sta\u0142a poprawa stanu bezpiecze\u0144stwa i higieny pracy, w tym bezpiecznych i higienicznych warunk\u00f3w pracy jest realizowana poprzez dzia\u0142ania wynikaj\u0105ce z wdro\u017conego Systemu Zarz\u0105dzania BHP zgodnego z norm\u0105 ISO 45001:2018 potwierdzonego certyfikatem wydanym przez <a href=\"https:\/\/www.cns-pl.eu\/wp-content\/uploads\/2024\/07\/Certyfikat-BHP-PL.pdf\">Bureau Veritas<\/a>.<\/p>\n<p><strong>Realizujemy zam\u00f3wienia na dostawy pojedyncze i ci\u0105g\u0142e.<\/strong><\/p>\n<p><b>Zapraszamy Pa\u0144stwa do wsp\u00f3\u0142pracy.<\/b>[\/vc_column_text][vc_row_inner][vc_column_inner width=&#8221;2\/3&#8243;][\/vc_column_inner][vc_column_inner width=&#8221;1\/3&#8243;][vc_single_image image=&#8221;919&#8243; img_size=&#8221;medium&#8221;][\/vc_column_inner][\/vc_row_inner][\/vc_column][\/vc_row]<\/p>\n<\/div>","protected":false},"excerpt":{"rendered":"<p>[vc_row wrap_container=&#8221;yes&#8221; css=&#8221;.vc_custom_1528969702599{margin-top: 15px !important;margin-bottom: 40px !important;padding-top: 60px !important;}&#8221;][vc_column][vc_empty_space][vc_custom_heading text=&#8221;O nas&#8221; font_container=&#8221;tag:h2|text_align:left|line_height:42px&#8221; use_theme_fonts=&#8221;yes&#8221; css=&#8221;.vc_custom_1625125622657{margin-bottom: 15px !important;}&#8221; el_class=&#8221;font-weight-bold&#8221;][vc_column_text css=&#8221;.vc_custom_1773728479866{margin-bottom: 20px !important;padding-left: 20px !important;}&#8221;]Jeste\u015bmy wieloletnim producentem narz\u0119dzi i oprzyrz\u0105dowania dla przemys\u0142u. Dysponujemy nowoczesnym parkiem maszynowym daj\u0105cym szerokie mo\u017cliwo\u015bci produkcyjne. Posiadamy obrabiarki CNC oraz obrabiarki konwencjonalne. Wymagan\u0105 jako\u015b\u0107 wyrob\u00f3w zapewnia wysokokwalifikowany i do\u015bwiadczony personel. Wsp\u00f3\u0142pracujemy z Klientami stosuj\u0105cymi [&hellip;]<\/p>\n","protected":false},"author":1,"featured_media":0,"parent":0,"menu_order":0,"comment_status":"closed","ping_status":"closed","template":"","meta":{"footnotes":""},"class_list":["post-295","page","type-page","status-publish","hentry"],"_links":{"self":[{"href":"https:\/\/www.cns-pl.eu\/index.php?rest_route=\/wp\/v2\/pages\/295","targetHints":{"allow":["GET"]}}],"collection":[{"href":"https:\/\/www.cns-pl.eu\/index.php?rest_route=\/wp\/v2\/pages"}],"about":[{"href":"https:\/\/www.cns-pl.eu\/index.php?rest_route=\/wp\/v2\/types\/page"}],"author":[{"embeddable":true,"href":"https:\/\/www.cns-pl.eu\/index.php?rest_route=\/wp\/v2\/users\/1"}],"replies":[{"embeddable":true,"href":"https:\/\/www.cns-pl.eu\/index.php?rest_route=%2Fwp%2Fv2%2Fcomments&post=295"}],"version-history":[{"count":87,"href":"https:\/\/www.cns-pl.eu\/index.php?rest_route=\/wp\/v2\/pages\/295\/revisions"}],"predecessor-version":[{"id":939,"href":"https:\/\/www.cns-pl.eu\/index.php?rest_route=\/wp\/v2\/pages\/295\/revisions\/939"}],"wp:attachment":[{"href":"https:\/\/www.cns-pl.eu\/index.php?rest_route=%2Fwp%2Fv2%2Fmedia&parent=295"}],"curies":[{"name":"wp","href":"https:\/\/api.w.org\/{rel}","templated":true}]}}