{"id":36,"date":"2017-01-19T14:04:09","date_gmt":"2017-01-19T14:04:09","guid":{"rendered":"http:\/\/sw-themes.com\/porto_dummy\/?page_id=36"},"modified":"2019-09-11T19:03:42","modified_gmt":"2019-09-11T17:03:42","slug":"historia","status":"publish","type":"page","link":"https:\/\/www.cns-pl.eu\/?page_id=36","title":{"rendered":"Historia"},"content":{"rendered":"<div class=\"wpb-content-wrapper\"><p>[vc_row][vc_column][vc_column_text el_class=&#8221;m-b-md&#8221;]<\/p>\n<h5><b>Do 30 czerwca 1994<\/b><br \/>\nProdukcja narz\u0119dzi przez narz\u0119dziowni\u0119 funkcjonuj\u0105c\u0105 w strukturze organizacyjnej Fabryki \u0141o\u017cysk Tocznych ISKRA S.A., najwi\u0119kszego producenta \u0142o\u017cysk tocznych w Polsce.<\/h5>\n<p><b>1 lipca 1994<\/b><br \/>\nUtworzenie w strukturze organizacyjnej Fabryki \u0141o\u017cysk Tocznych ISKRA S.A., zak\u0142adu na wewn\u0119trznym rozrachunku gospodarczym o nazwie Zak\u0142ad Narz\u0119dzi Specjalnych. Pocz\u0105tek rozwoju w\u0142asnych s\u0142u\u017cb, w szczeg\u00f3lno\u015bci handlowo-marketingowej i jako\u015bciowej. Rozpocz\u0119cie wsp\u00f3\u0142pracy z innymi klientami<\/p>\n<p><b>22 stycznia 1998<\/b><br \/>\nZakup wi\u0119kszo\u015bciowego pakietu akcji Fabryki \u0141o\u017cysk Tocznych ISKRA S.A. przez jednego z najwi\u0119kszych producent\u00f3w \u0142o\u017cysk tocznych na \u015bwiecie, japo\u0144ski koncern NSK. Kontynuacja dzia\u0142alno\u015bci przez Zak\u0142ad Narz\u0119dzi Specjalnych<\/p>\n<p><b>9 pa\u017adziernika 1998<\/b><br \/>\nUzyskanie przez Zak\u0142ad Narz\u0119dzi Specjalnych certyfikatu zgodno\u015bci systemu zarz\u0105dzania jako\u015bci\u0105 z wymaganiami normy ISO 9002 wydanego przez BVQI.<\/p>\n<p><b>11 grudnia 2000<\/b><br \/>\nZarejestrowanie przez S\u0105d Rejonowy w Kielcach sp\u00f3\u0142ki o nazwie ISKRA Centrum Narz\u0119dzi Specjalnych Sp. z o.o. Rozpocz\u0119cie dzia\u0142alno\u015bci jako niezale\u017cny podmiot prawa handlowego. Rozw\u00f3j wsp\u00f3\u0142pracy z wieloma klientami<\/p>\n<p><b>20 listopada 2001<\/b><br \/>\nUzyskanie przez ISKRA Centrum Narz\u0119dzi Specjalnych Sp. z o.o. certyfikatu zgodno\u015bci systemu jako\u015bci z wymaganiami normy ISO 9001:2000 wydanego przez BVQI.<\/p>\n<p><b>30 czerwca 2005<\/b><br \/>\nZakup ca\u0142o\u015bci udzia\u0142\u00f3w ISKRA Centrum Narz\u0119dzi Specjalnych Sp. z o.o. przez NSK Europe Ltd.<\/p>\n<p><b>10 marzec 2014<\/b><br \/>\nUzyskanie certyfikatu zgodno\u015bci systemu zarz\u0105dzania \u015brodowiskowego z wymaganiami normy ISO 14001:2004 wydanego przez Bureau Veritas Certification.<\/p>\n<p>[\/vc_column_text][\/vc_column][\/vc_row]<\/p>\n<\/div>","protected":false},"excerpt":{"rendered":"<p>[vc_row][vc_column][vc_column_text el_class=&#8221;m-b-md&#8221;] Do 30 czerwca 1994 Produkcja narz\u0119dzi przez narz\u0119dziowni\u0119 funkcjonuj\u0105c\u0105 w strukturze organizacyjnej Fabryki \u0141o\u017cysk Tocznych ISKRA S.A., najwi\u0119kszego producenta \u0142o\u017cysk tocznych w Polsce. 1 lipca 1994 Utworzenie w strukturze organizacyjnej Fabryki \u0141o\u017cysk Tocznych ISKRA S.A., zak\u0142adu na wewn\u0119trznym rozrachunku gospodarczym o nazwie Zak\u0142ad Narz\u0119dzi Specjalnych. Pocz\u0105tek rozwoju w\u0142asnych s\u0142u\u017cb, w szczeg\u00f3lno\u015bci handlowo-marketingowej i [&hellip;]<\/p>\n","protected":false},"author":1,"featured_media":0,"parent":17,"menu_order":0,"comment_status":"closed","ping_status":"closed","template":"","meta":{"footnotes":""},"class_list":["post-36","page","type-page","status-publish","hentry"],"_links":{"self":[{"href":"https:\/\/www.cns-pl.eu\/index.php?rest_route=\/wp\/v2\/pages\/36","targetHints":{"allow":["GET"]}}],"collection":[{"href":"https:\/\/www.cns-pl.eu\/index.php?rest_route=\/wp\/v2\/pages"}],"about":[{"href":"https:\/\/www.cns-pl.eu\/index.php?rest_route=\/wp\/v2\/types\/page"}],"author":[{"embeddable":true,"href":"https:\/\/www.cns-pl.eu\/index.php?rest_route=\/wp\/v2\/users\/1"}],"replies":[{"embeddable":true,"href":"https:\/\/www.cns-pl.eu\/index.php?rest_route=%2Fwp%2Fv2%2Fcomments&post=36"}],"version-history":[{"count":2,"href":"https:\/\/www.cns-pl.eu\/index.php?rest_route=\/wp\/v2\/pages\/36\/revisions"}],"predecessor-version":[{"id":564,"href":"https:\/\/www.cns-pl.eu\/index.php?rest_route=\/wp\/v2\/pages\/36\/revisions\/564"}],"up":[{"embeddable":true,"href":"https:\/\/www.cns-pl.eu\/index.php?rest_route=\/wp\/v2\/pages\/17"}],"wp:attachment":[{"href":"https:\/\/www.cns-pl.eu\/index.php?rest_route=%2Fwp%2Fv2%2Fmedia&parent=36"}],"curies":[{"name":"wp","href":"https:\/\/api.w.org\/{rel}","templated":true}]}}