{"id":581,"date":"2019-09-11T20:02:35","date_gmt":"2019-09-11T18:02:35","guid":{"rendered":"http:\/\/xzopaoq.cluster020.hosting.ovh.net\/?page_id=581"},"modified":"2019-09-11T20:02:35","modified_gmt":"2019-09-11T18:02:35","slug":"mozliwosci","status":"publish","type":"page","link":"https:\/\/www.cns-pl.eu\/?page_id=581","title":{"rendered":"Mo\u017cliwo\u015bci"},"content":{"rendered":"<div class=\"wpb-content-wrapper\"><p>[vc_row][vc_column][vc_column_text]<\/p>\n<table border=\"0\" width=\"100%\" cellspacing=\"10\" cellpadding=\"0\">\n<tbody>\n<tr>\n<td><b>toczenie<\/b><\/p>\n<ul>\n<li>detale o \u015brednicy do 250mm i d\u0142ugo\u015bci do 1000mm<\/li>\n<li>tarcze o \u015brednicy do 1000mm<\/li>\n<li>na tokarkach CNC<br \/>\ndetale o \u015brednicy do 450mm i d\u0142ugo\u015bci 1000mm, dok\u0142adno\u015b\u0107 do +\/- 0,01mm<\/li>\n<\/ul>\n<\/td>\n<td align=\"center\" width=\"150\"><\/td>\n<\/tr>\n<tr>\n<td><b>frezowanie<\/b><\/p>\n<ul>\n<li>detale o wymiarach 400mm x 250mm x 300mm<\/li>\n<li>na frezarkach CNC<br \/>\ndetale o wymiarach do 900mm x 500mm x 450mm, dok\u0142adno\u015b\u0107 +\/- 0,01mm<\/li>\n<\/ul>\n<\/td>\n<td align=\"center\" width=\"150\"><\/td>\n<\/tr>\n<tr>\n<td><b>szlifowanie<\/b><\/p>\n<ul>\n<li>wa\u0142ki o \u015brednicy do 250mm i d\u0142ugo\u015bci do 1000mm<\/li>\n<li>otwory w tulejach o \u015brednicy do 200mm i g\u0142\u0119boko\u015bci do do 200mm<\/li>\n<li>na szlifierkach uniwersalnych CNC<br \/>\ndetale o \u015brednicy zewn\u0119trznej do 350mm i d\u0142ugo\u015bci do 600mm, dok\u0142adno\u015b\u0107 do +\/- 0,002mm<\/li>\n<li>otwory w p\u0142ytach o wymiarach do 400mm x 300mm<\/li>\n<li>p\u0142aszczyzny detali o wymiarach do 300mm x 1000mm<\/li>\n<li>profile detali o szeroko\u015bci do 145mm i d\u0142ugo\u015bci do 85mm lub \u015brednicy do 200mm<\/li>\n<li>na szlifierkach profilowych CNC<br \/>\nprofile detali o szeroko\u015bci do 120mm i d\u0142ugo\u015bci do 100mm lub \u015brednicy do 150mm,<br \/>\ndok\u0142adno\u015b\u0107 do +\/-0,005mm<\/li>\n<li>gwinty zewn\u0119trzne o skoku do 6mm, \u015brednicy do 125mm i d\u0142ugo\u015bci do 350mm<\/li>\n<\/ul>\n<\/td>\n<td align=\"center\" width=\"150\"><\/td>\n<\/tr>\n<tr>\n<td><b>dr\u0105\u017cenie elektroerozyjne<\/b><\/p>\n<ul>\n<li>wg\u0142\u0119bne detali w zakresie do 350mm x 250mm x 300mm<br \/>\nz dok\u0142adno\u015bci\u0105 do 0,005mm<\/li>\n<li>wycinanie detali o wymiarach do 500mm x 400mm i wysoko\u015bci do 500mm pod k\u0105tem do +\/- 30<sup>o<\/sup><br \/>\nz dok\u0142adno\u015bci\u0105 do 0,010mm<\/li>\n<li>wiercenie otwor\u00f3w o \u015brednicy od 0,8mm do 3mm i g\u0142\u0119boko\u015bci do 300mm<\/li>\n<\/ul>\n<\/td>\n<td align=\"center\" width=\"150\"><\/td>\n<\/tr>\n<tr>\n<td><b>obr\u00f3bka cieplna<\/b><\/p>\n<ul>\n<li>w piecach pr\u00f3\u017cniowych z atmosfer\u0105 ochronna:<br \/>\ndetale o max. wymiarach do 1200mm x 900mm x 900mm<br \/>\nmax. ci\u0119\u017car wsadu do 1200kg, temp. procesu do 1350 st. C<\/li>\n<li>w piecach wg\u0142\u0119bnych, komorowych i indukcyjnych:<br \/>\ndetale o max. wymiarach do 550mm x 550mm x 1100mm, max. waga do 500kg, temperatura procesu do 950 st. C<\/li>\n<\/ul>\n<\/td>\n<td align=\"center\" width=\"150\"><\/td>\n<\/tr>\n<tr>\n<td><b>napawanie stellitem<\/b><\/p>\n<ul>\n<li>przy zastosowaniu najwy\u017cszej jako\u015bci materia\u0142\u00f3w i nowoczesnych urz\u0105dze\u0144<\/li>\n<\/ul>\n<\/td>\n<\/tr>\n<\/tbody>\n<\/table>\n<p>[\/vc_column_text][\/vc_column][\/vc_row]<\/p>\n<\/div>","protected":false},"excerpt":{"rendered":"<p>[vc_row][vc_column][vc_column_text] toczenie detale o \u015brednicy do 250mm i d\u0142ugo\u015bci do 1000mm tarcze o \u015brednicy do 1000mm na tokarkach CNC detale o \u015brednicy do 450mm i d\u0142ugo\u015bci 1000mm, dok\u0142adno\u015b\u0107 do +\/- 0,01mm frezowanie detale o wymiarach 400mm x 250mm x 300mm na frezarkach CNC detale o wymiarach do 900mm x 500mm x 450mm, dok\u0142adno\u015b\u0107 +\/- 0,01mm [&hellip;]<\/p>\n","protected":false},"author":1,"featured_media":0,"parent":0,"menu_order":0,"comment_status":"closed","ping_status":"closed","template":"","meta":{"footnotes":""},"class_list":["post-581","page","type-page","status-publish","hentry"],"_links":{"self":[{"href":"https:\/\/www.cns-pl.eu\/index.php?rest_route=\/wp\/v2\/pages\/581","targetHints":{"allow":["GET"]}}],"collection":[{"href":"https:\/\/www.cns-pl.eu\/index.php?rest_route=\/wp\/v2\/pages"}],"about":[{"href":"https:\/\/www.cns-pl.eu\/index.php?rest_route=\/wp\/v2\/types\/page"}],"author":[{"embeddable":true,"href":"https:\/\/www.cns-pl.eu\/index.php?rest_route=\/wp\/v2\/users\/1"}],"replies":[{"embeddable":true,"href":"https:\/\/www.cns-pl.eu\/index.php?rest_route=%2Fwp%2Fv2%2Fcomments&post=581"}],"version-history":[{"count":1,"href":"https:\/\/www.cns-pl.eu\/index.php?rest_route=\/wp\/v2\/pages\/581\/revisions"}],"predecessor-version":[{"id":582,"href":"https:\/\/www.cns-pl.eu\/index.php?rest_route=\/wp\/v2\/pages\/581\/revisions\/582"}],"wp:attachment":[{"href":"https:\/\/www.cns-pl.eu\/index.php?rest_route=%2Fwp%2Fv2%2Fmedia&parent=581"}],"curies":[{"name":"wp","href":"https:\/\/api.w.org\/{rel}","templated":true}]}}