{"id":584,"date":"2019-09-11T20:08:49","date_gmt":"2019-09-11T18:08:49","guid":{"rendered":"http:\/\/xzopaoq.cluster020.hosting.ovh.net\/?page_id=584"},"modified":"2020-10-01T10:18:23","modified_gmt":"2020-10-01T08:18:23","slug":"praca","status":"publish","type":"page","link":"https:\/\/www.cns-pl.eu\/?page_id=584","title":{"rendered":"Praca"},"content":{"rendered":"<div class=\"wpb-content-wrapper\"><p>[vc_row][vc_column][vc_column_text]<\/p>\n<table border=\"0\" width=\"100%\" cellspacing=\"10\" cellpadding=\"0\">\n<tbody>\n<tr>\n<td align=\"left\" width=\"100%\">Je\u017celi jeste\u015b zainteresowany prac\u0105 w naszej firmie i uwa\u017casz, \u017ce Twoje kwalifikacje s\u0105 do tego wystarczaj\u0105ce, prze\u015blij nam swoje CV i list motywacyjny na adres\u00a0<a class=\"link\" href=\"mailto:praca@cns-pl.eu\">praca@cns-pl.eu<\/a>. W CV i li\u015bcie motywacyjnym musisz wyrazi\u0107 zgod\u0119 na przetwarzanie Twoich danych osobowych.<br \/>\nJe\u017celi b\u0119dziemy zainteresowani Twoj\u0105 ofert\u0105 skontaktujemy si\u0119 z Tob\u0105 i zaprosimy Ci\u0119 na rozmow\u0119.<\/td>\n<\/tr>\n<\/tbody>\n<\/table>\n<p>[\/vc_column_text][\/vc_column][\/vc_row]<\/p>\n<\/div>","protected":false},"excerpt":{"rendered":"<p>[vc_row][vc_column][vc_column_text] Je\u017celi jeste\u015b zainteresowany prac\u0105 w naszej firmie i uwa\u017casz, \u017ce Twoje kwalifikacje s\u0105 do tego wystarczaj\u0105ce, prze\u015blij nam swoje CV i list motywacyjny na adres\u00a0praca@cns-pl.eu. W CV i li\u015bcie motywacyjnym musisz wyrazi\u0107 zgod\u0119 na przetwarzanie Twoich danych osobowych. Je\u017celi b\u0119dziemy zainteresowani Twoj\u0105 ofert\u0105 skontaktujemy si\u0119 z Tob\u0105 i zaprosimy Ci\u0119 na rozmow\u0119. [\/vc_column_text][\/vc_column][\/vc_row]<\/p>\n","protected":false},"author":1,"featured_media":0,"parent":0,"menu_order":0,"comment_status":"closed","ping_status":"closed","template":"","meta":{"footnotes":""},"class_list":["post-584","page","type-page","status-publish","hentry"],"_links":{"self":[{"href":"https:\/\/www.cns-pl.eu\/index.php?rest_route=\/wp\/v2\/pages\/584","targetHints":{"allow":["GET"]}}],"collection":[{"href":"https:\/\/www.cns-pl.eu\/index.php?rest_route=\/wp\/v2\/pages"}],"about":[{"href":"https:\/\/www.cns-pl.eu\/index.php?rest_route=\/wp\/v2\/types\/page"}],"author":[{"embeddable":true,"href":"https:\/\/www.cns-pl.eu\/index.php?rest_route=\/wp\/v2\/users\/1"}],"replies":[{"embeddable":true,"href":"https:\/\/www.cns-pl.eu\/index.php?rest_route=%2Fwp%2Fv2%2Fcomments&post=584"}],"version-history":[{"count":2,"href":"https:\/\/www.cns-pl.eu\/index.php?rest_route=\/wp\/v2\/pages\/584\/revisions"}],"predecessor-version":[{"id":828,"href":"https:\/\/www.cns-pl.eu\/index.php?rest_route=\/wp\/v2\/pages\/584\/revisions\/828"}],"wp:attachment":[{"href":"https:\/\/www.cns-pl.eu\/index.php?rest_route=%2Fwp%2Fv2%2Fmedia&parent=584"}],"curies":[{"name":"wp","href":"https:\/\/api.w.org\/{rel}","templated":true}]}}