{"id":587,"date":"2019-09-11T20:09:40","date_gmt":"2019-09-11T18:09:40","guid":{"rendered":"http:\/\/xzopaoq.cluster020.hosting.ovh.net\/?page_id=587"},"modified":"2020-01-24T11:58:36","modified_gmt":"2020-01-24T10:58:36","slug":"rodo","status":"publish","type":"page","link":"https:\/\/www.cns-pl.eu\/?page_id=587","title":{"rendered":"RODO"},"content":{"rendered":"<div class=\"wpb-content-wrapper\"><p>[vc_row][vc_column][vc_column_text]<\/p>\n<table border=\"0\" width=\"100%\" cellpadding=\"0\">\n<tbody>\n<tr>\n<td valign=\"top\" width=\"100%\"><a class=\"link\" href=\"http:\/\/www.cnsk.pl\/wp-content\/uploads\/2020\/01\/CNS_OgolnaPolitykaRODO.pdf\">Og\u00f3lna Polityka Przetwarzania Danych Osobowych w Sp\u00f3\u0142ce<\/a><br \/>\n<a class=\"link\" href=\"http:\/\/www.cnsk.pl\/wp-content\/uploads\/2020\/01\/CNS_KandydaciRODO.pdf\">Polityka prywatno\u015bci dla kandydat\u00f3w do pracy w Sp\u00f3\u0142ce<\/a><\/td>\n<\/tr>\n<\/tbody>\n<\/table>\n<p>[\/vc_column_text][\/vc_column][\/vc_row]<\/p>\n<\/div>","protected":false},"excerpt":{"rendered":"<p>[vc_row][vc_column][vc_column_text] Og\u00f3lna Polityka Przetwarzania Danych Osobowych w Sp\u00f3\u0142ce Polityka prywatno\u015bci dla kandydat\u00f3w do pracy w Sp\u00f3\u0142ce [\/vc_column_text][\/vc_column][\/vc_row]<\/p>\n","protected":false},"author":1,"featured_media":0,"parent":0,"menu_order":0,"comment_status":"closed","ping_status":"closed","template":"","meta":{"footnotes":""},"class_list":["post-587","page","type-page","status-publish","hentry"],"_links":{"self":[{"href":"https:\/\/www.cns-pl.eu\/index.php?rest_route=\/wp\/v2\/pages\/587","targetHints":{"allow":["GET"]}}],"collection":[{"href":"https:\/\/www.cns-pl.eu\/index.php?rest_route=\/wp\/v2\/pages"}],"about":[{"href":"https:\/\/www.cns-pl.eu\/index.php?rest_route=\/wp\/v2\/types\/page"}],"author":[{"embeddable":true,"href":"https:\/\/www.cns-pl.eu\/index.php?rest_route=\/wp\/v2\/users\/1"}],"replies":[{"embeddable":true,"href":"https:\/\/www.cns-pl.eu\/index.php?rest_route=%2Fwp%2Fv2%2Fcomments&post=587"}],"version-history":[{"count":2,"href":"https:\/\/www.cns-pl.eu\/index.php?rest_route=\/wp\/v2\/pages\/587\/revisions"}],"predecessor-version":[{"id":758,"href":"https:\/\/www.cns-pl.eu\/index.php?rest_route=\/wp\/v2\/pages\/587\/revisions\/758"}],"wp:attachment":[{"href":"https:\/\/www.cns-pl.eu\/index.php?rest_route=%2Fwp%2Fv2%2Fmedia&parent=587"}],"curies":[{"name":"wp","href":"https:\/\/api.w.org\/{rel}","templated":true}]}}